{"id":14680,"date":"2025-04-30T18:21:51","date_gmt":"2025-04-30T16:21:51","guid":{"rendered":"https:\/\/calgrauet.com\/en-venda\/"},"modified":"2025-06-19T12:26:43","modified_gmt":"2025-06-19T10:26:43","slug":"en-venta","status":"publish","type":"page","link":"https:\/\/calgrauet.com\/es\/en-venta\/","title":{"rendered":"En venta"},"content":{"rendered":"\t\t<div data-elementor-type=\"wp-page\" data-elementor-id=\"14680\" class=\"elementor elementor-14680 elementor-12998\" data-elementor-post-type=\"page\">\n\t\t\t\t        <section class=\"elementor-section elementor-top-section elementor-element elementor-element-e718348 elementor-section-full_width elementor-section-height-min-height elementor-section-height-default elementor-section-items-middle pxl-section-static-pos-no pxl-section-overflow-hidden-no pxl-container-margin-auto-no\" data-id=\"e718348\" data-element_type=\"section\" data-e-type=\"section\" data-settings=\"{&quot;background_background&quot;:&quot;classic&quot;}\">\n\n                \n                <div class=\"elementor-container elementor-column-gap-default \">\n                <div class=\"elementor-column elementor-col-100 elementor-top-column elementor-element elementor-element-d1bfbff pxl-column-element-default pxl-column-overflow-hidden-no\" data-id=\"d1bfbff\" data-element_type=\"column\" data-e-type=\"column\">\r\n        <div class=\"elementor-widget-wrap elementor-element-populated\">\r\n                    \t\t<div class=\"elementor-element elementor-element-6fba06b elementor-widget elementor-widget-text-editor\" data-id=\"6fba06b\" data-element_type=\"widget\" data-e-type=\"widget\" data-widget_type=\"text-editor.default\">\n\t\t\t\t\t\t\t\t\t<p>Nuestra selecci\u00f3n de animales de calidad<\/p>\t\t\t\t\t\t\t\t<\/div>\n\t\t\t\t<div class=\"elementor-element elementor-element-cf3d4ae elementor-widget elementor-widget-heading\" data-id=\"cf3d4ae\" data-element_type=\"widget\" data-e-type=\"widget\" data-widget_type=\"heading.default\">\n\t\t\t\t\t<h1 class=\"elementor-heading-title elementor-size-default\">EN VENTA<\/h1>\t\t\t\t<\/div>\n\t\t\t\t<div class=\"elementor-element elementor-element-1560076 elementor-widget__width-initial elementor-widget elementor-widget-image\" data-id=\"1560076\" data-element_type=\"widget\" data-e-type=\"widget\" data-widget_type=\"image.default\">\n\t\t\t\t\t\t\t\t\t\t\t\t\t\t\t<img decoding=\"async\" width=\"240\" height=\"9\" src=\"https:\/\/calgrauet.com\/wp-content\/uploads\/2024\/09\/pt-shape-after.svg\" class=\"attachment-full size-full wp-image-14209\" alt=\"\" \/>\t\t\t\t\t\t\t\t\t\t\t\t\t\t\t<\/div>\n\t\t\t\t<div class=\"elementor-element elementor-element-4abebf2 elementor-widget elementor-widget-hfe-breadcrumbs-widget\" data-id=\"4abebf2\" data-element_type=\"widget\" data-e-type=\"widget\" data-widget_type=\"hfe-breadcrumbs-widget.default\">\n\t\t\t\t<div class=\"elementor-widget-container\">\n\t\t\t\t\t<nav aria-label=\"Breadcrumb\"><ul class=\"hfe-breadcrumbs hfe-breadcrumbs-show-home\"><li class=\"hfe-breadcrumbs-item hfe-breadcrumbs-first\"><span class=\"hfe-breadcrumbs-home-icon\"><\/span><a href=\"https:\/\/calgrauet.com\/es\/\"><span class=\"hfe-breadcrumbs-text\">Inicio<\/span><\/a><\/li><\/ul><\/nav>\t\t\t\t<\/div>\n\t\t\t\t<\/div>\n\t\t                    <\/div>\r\n        <\/div>\r\n        \t\t\t<\/div>\n\t\t<\/section>\n\t\t        <section class=\"elementor-section elementor-top-section elementor-element elementor-element-67c2709 elementor-section-boxed elementor-section-height-default elementor-section-height-default pxl-section-static-pos-no pxl-section-overflow-hidden-no pxl-container-margin-auto-no\" data-id=\"67c2709\" data-element_type=\"section\" data-e-type=\"section\">\n\n                \n                <div class=\"elementor-container elementor-column-gap-default \">\n                <div class=\"elementor-column elementor-col-100 elementor-top-column elementor-element elementor-element-bc0ca1c pxl-column-element-default pxl-column-overflow-hidden-no\" data-id=\"bc0ca1c\" data-element_type=\"column\" data-e-type=\"column\">\r\n        <div class=\"elementor-widget-wrap elementor-element-populated\">\r\n                    \t\t<div class=\"elementor-element elementor-element-57d8871 pxl-post-layout-portfolio-3 elementor-widget elementor-widget-pxl_post_grid\" data-id=\"57d8871\" data-element_type=\"widget\" data-e-type=\"widget\" data-widget_type=\"pxl_post_grid.default\">\n\t\t\t\t<div class=\"elementor-widget-container\">\n\t\t\t\t\t\n<div id=\"pxl_post_grid-57d8871\" class=\"pxl-grid pxl-portfolio-grid layout-portfolio-3\" data-layout-mode=\"fitRows\" data-start-page=\"1\" data-max-pages=\"1\" data-total=\"1\" data-perpage=\"30\" data-next-link=\"\" data-loadmore=\"{&quot;tax&quot;:[&quot;portfolio-category&quot;],&quot;post_type&quot;:&quot;portfolio&quot;,&quot;layout&quot;:&quot;portfolio-3&quot;,&quot;select_post_by&quot;:&quot;term_selected&quot;,&quot;layout_mode&quot;:&quot;fitRows&quot;,&quot;filter&quot;:&quot;true&quot;,&quot;filter_type&quot;:&quot;ajax&quot;,&quot;startPage&quot;:1,&quot;maxPages&quot;:1,&quot;total&quot;:1,&quot;perpage&quot;:30,&quot;nextLink&quot;:&quot;&quot;,&quot;source&quot;:&quot;&quot;,&quot;post_ids&quot;:[],&quot;orderby&quot;:&quot;date&quot;,&quot;order&quot;:&quot;desc&quot;,&quot;limit&quot;:30,&quot;item_animation&quot;:&quot;fadeInUp&quot;,&quot;item_animation_duration&quot;:&quot;normal&quot;,&quot;item_animation_delay&quot;:&quot;150&quot;,&quot;col_xs&quot;:&quot;1&quot;,&quot;col_sm&quot;:&quot;2&quot;,&quot;col_md&quot;:&quot;2&quot;,&quot;col_lg&quot;:&quot;2&quot;,&quot;col_xl&quot;:&quot;3&quot;,&quot;col_xxl&quot;:&quot;3&quot;,&quot;img_size&quot;:&quot;570x570&quot;,&quot;grid_custom_columns&quot;:&quot;&quot;,&quot;gap&quot;:&quot;30&quot;,&quot;gap_extra&quot;:&quot;&quot;,&quot;show_caption&quot;:&quot;true&quot;,&quot;show_excerpt&quot;:&quot;true&quot;,&quot;num_words&quot;:18,&quot;show_button&quot;:&quot;&quot;,&quot;button_text&quot;:&quot;&quot;,&quot;post_not_in&quot;:&quot;&quot;,&quot;pagination_type&quot;:&quot;loadmore&quot;}\">\n    <div class=\"pxl-grid-overlay\"><\/div>\n            <div class=\"grid-filter-wrap d-flex-wrap ajax\">\n            <span class=\"filter-item active\" data-filter=\"*\">Todos los animales<\/span>\n                                            \n                <span class=\"filter-item\" data-filter=\".vacas-fleckvieh\">\n                    Vacas Fleckvieh                <\/span>\n                    <\/div>\n    \n    <div class=\"pxl-grid-inner pxl-grid-masonry row relative\"> \n                <div class=\"grid-item col-xxl-4 col-xl-4 col-lg-6 col-md-6 col-sm-6 col-12  pxl-animate pxl-invisible animated-normal vacas-fleckvieh\" >\n            <div class=\"grid-item-inner relative\" data-settings=\"{&quot;animation&quot;:&quot;fadeInUp&quot;,&quot;animation_delay&quot;:150}\">\n                                    <div class=\"item-featured scale-hover overflow-hidden relative\">                         \n                        <figure class=\"post-thumbs\"><img fetchpriority=\"high\" decoding=\"async\" class=\"no-lazyload \" src=\"https:\/\/calgrauet.com\/wp-content\/uploads\/2025\/05\/fitxa-01-bimba-570x403.jpg\" width=\"570\" height=\"403\" alt=\"Vaca de ra\u00e7a Fleckvieh en venda\" title=\"fitxa-01-bimba\" \/><\/figure> \n                        <div class=\"pxl-overlay\"><\/div>\n                        <div class=\"content-featured absolute\">\n                                                            <div class=\"item-caption\">Bimba<\/div>\n                                                        <h4 class=\"item-title\"><a href=\"https:\/\/calgrauet.com\/es\/portfolio\/bimba\/\">Bimba<\/a><\/h4>\n                        <\/div>\n                    <\/div>\n                                \n                <div class=\"item-content\">\n                        \n                                            <div class=\"item-excerpt\">\n                            Hembra raza Fleckvieh, nacida el 23\/09\/2022 M\u00e1s informaci\u00f3n: Gerard Garreta (T. 609538722) \n                        <\/div>\n                                                        <\/div>\n            <\/div>\n        <\/div>\n        <\/div>\n     \n        <\/div>\t\t\t\t<\/div>\n\t\t\t\t<\/div>\n\t\t                    <\/div>\r\n        <\/div>\r\n        \t\t\t<\/div>\n\t\t<\/section>\n\t\t\t\t<\/div>\n\t\t","protected":false},"excerpt":{"rendered":"<p>Nuestra selecci\u00f3n de animales de calidad EN VENTA Inicio Todos los animales Vaques Fleckvieh Bimba Bimba Nuestra selecci\u00f3n de animales de calidad EN VENTA Inicio Tots els animals Vaques Fleckvieh Bimba Bimba Femella ra\u00e7a&hellip;<\/p>\n","protected":false},"author":1,"featured_media":0,"parent":0,"menu_order":0,"comment_status":"closed","ping_status":"closed","template":"","meta":{"footnotes":""},"class_list":["post-14680","page","type-page","status-publish","hentry"],"yoast_head":"<!-- This site is optimized with the Yoast SEO plugin v27.4 - https:\/\/yoast.com\/product\/yoast-seo-wordpress\/ -->\n<title>Animales en venta - Cal Grauet<\/title>\n<meta name=\"description\" content=\"\u00bfNecesitas alg\u00fan animal para tu explotaci\u00f3n ganadera o agr\u00edcola? En Cal Grauet tenemos animales en venta. Descubre cu\u00e1les y, si te interesa, ponte en contacto con nosotros.\" \/>\n<meta name=\"robots\" content=\"index, follow, max-snippet:-1, max-image-preview:large, max-video-preview:-1\" \/>\n<link rel=\"canonical\" href=\"https:\/\/calgrauet.com\/es\/en-venta\/\" \/>\n<meta property=\"og:locale\" content=\"es_ES\" \/>\n<meta property=\"og:type\" content=\"article\" \/>\n<meta property=\"og:title\" content=\"Animales en venta - Cal Grauet\" \/>\n<meta property=\"og:description\" content=\"\u00bfNecesitas alg\u00fan animal para tu explotaci\u00f3n ganadera o agr\u00edcola? En Cal Grauet tenemos animales en venta. Descubre cu\u00e1les y, si te interesa, ponte en contacto con nosotros.\" \/>\n<meta property=\"og:url\" content=\"https:\/\/calgrauet.com\/es\/en-venta\/\" \/>\n<meta property=\"og:site_name\" content=\"Cal Grauet\" \/>\n<meta property=\"article:modified_time\" content=\"2025-06-19T10:26:43+00:00\" \/>\n<meta property=\"og:image\" content=\"https:\/\/calgrauet.com\/wp-content\/uploads\/2024\/05\/logo-cal-grauet.png\" \/>\n\t<meta property=\"og:image:width\" content=\"224\" \/>\n\t<meta property=\"og:image:height\" content=\"157\" \/>\n\t<meta property=\"og:image:type\" content=\"image\/png\" \/>\n<meta name=\"twitter:card\" content=\"summary_large_image\" \/>\n<meta name=\"twitter:label1\" content=\"Tiempo de lectura\" \/>\n\t<meta name=\"twitter:data1\" content=\"1 minuto\" \/>\n<script type=\"application\/ld+json\" class=\"yoast-schema-graph\">{\"@context\":\"https:\\\/\\\/schema.org\",\"@graph\":[{\"@type\":\"WebPage\",\"@id\":\"https:\\\/\\\/calgrauet.com\\\/es\\\/en-venta\\\/\",\"url\":\"https:\\\/\\\/calgrauet.com\\\/es\\\/en-venta\\\/\",\"name\":\"Animales en venta - Cal Grauet\",\"isPartOf\":{\"@id\":\"https:\\\/\\\/calgrauet.com\\\/es\\\/#website\"},\"primaryImageOfPage\":{\"@id\":\"https:\\\/\\\/calgrauet.com\\\/es\\\/en-venta\\\/#primaryimage\"},\"image\":{\"@id\":\"https:\\\/\\\/calgrauet.com\\\/es\\\/en-venta\\\/#primaryimage\"},\"thumbnailUrl\":\"https:\\\/\\\/calgrauet.com\\\/wp-content\\\/uploads\\\/2024\\\/09\\\/pt-shape-after.svg\",\"datePublished\":\"2025-04-30T16:21:51+00:00\",\"dateModified\":\"2025-06-19T10:26:43+00:00\",\"description\":\"\u00bfNecesitas alg\u00fan animal para tu explotaci\u00f3n ganadera o agr\u00edcola? En Cal Grauet tenemos animales en venta. Descubre cu\u00e1les y, si te interesa, ponte en contacto con nosotros.\",\"breadcrumb\":{\"@id\":\"https:\\\/\\\/calgrauet.com\\\/es\\\/en-venta\\\/#breadcrumb\"},\"inLanguage\":\"es\",\"potentialAction\":[{\"@type\":\"ReadAction\",\"target\":[\"https:\\\/\\\/calgrauet.com\\\/es\\\/en-venta\\\/\"]}]},{\"@type\":\"ImageObject\",\"inLanguage\":\"es\",\"@id\":\"https:\\\/\\\/calgrauet.com\\\/es\\\/en-venta\\\/#primaryimage\",\"url\":\"https:\\\/\\\/calgrauet.com\\\/wp-content\\\/uploads\\\/2024\\\/09\\\/pt-shape-after.svg\",\"contentUrl\":\"https:\\\/\\\/calgrauet.com\\\/wp-content\\\/uploads\\\/2024\\\/09\\\/pt-shape-after.svg\"},{\"@type\":\"BreadcrumbList\",\"@id\":\"https:\\\/\\\/calgrauet.com\\\/es\\\/en-venta\\\/#breadcrumb\",\"itemListElement\":[{\"@type\":\"ListItem\",\"position\":1,\"name\":\"Inici\",\"item\":\"https:\\\/\\\/calgrauet.com\\\/es\\\/\"},{\"@type\":\"ListItem\",\"position\":2,\"name\":\"En venta\"}]},{\"@type\":\"WebSite\",\"@id\":\"https:\\\/\\\/calgrauet.com\\\/es\\\/#website\",\"url\":\"https:\\\/\\\/calgrauet.com\\\/es\\\/\",\"name\":\"Cal Grauet\",\"description\":\"TRADICI\u00d3, ADAPTACI\u00d3 I SOSTENIBILITAT RAMADERA\",\"publisher\":{\"@id\":\"https:\\\/\\\/calgrauet.com\\\/es\\\/#organization\"},\"potentialAction\":[{\"@type\":\"SearchAction\",\"target\":{\"@type\":\"EntryPoint\",\"urlTemplate\":\"https:\\\/\\\/calgrauet.com\\\/es\\\/?s={search_term_string}\"},\"query-input\":{\"@type\":\"PropertyValueSpecification\",\"valueRequired\":true,\"valueName\":\"search_term_string\"}}],\"inLanguage\":\"es\"},{\"@type\":\"Organization\",\"@id\":\"https:\\\/\\\/calgrauet.com\\\/es\\\/#organization\",\"name\":\"Cal Grauet\",\"url\":\"https:\\\/\\\/calgrauet.com\\\/es\\\/\",\"logo\":{\"@type\":\"ImageObject\",\"inLanguage\":\"es\",\"@id\":\"https:\\\/\\\/calgrauet.com\\\/es\\\/#\\\/schema\\\/logo\\\/image\\\/\",\"url\":\"https:\\\/\\\/calgrauet.com\\\/wp-content\\\/uploads\\\/2024\\\/05\\\/logo-cal-grauet.png\",\"contentUrl\":\"https:\\\/\\\/calgrauet.com\\\/wp-content\\\/uploads\\\/2024\\\/05\\\/logo-cal-grauet.png\",\"width\":224,\"height\":157,\"caption\":\"Cal Grauet\"},\"image\":{\"@id\":\"https:\\\/\\\/calgrauet.com\\\/es\\\/#\\\/schema\\\/logo\\\/image\\\/\"}}]}<\/script>\n<!-- \/ Yoast SEO plugin. -->","yoast_head_json":{"title":"Animales en venta - Cal Grauet","description":"\u00bfNecesitas alg\u00fan animal para tu explotaci\u00f3n ganadera o agr\u00edcola? En Cal Grauet tenemos animales en venta. Descubre cu\u00e1les y, si te interesa, ponte en contacto con nosotros.","robots":{"index":"index","follow":"follow","max-snippet":"max-snippet:-1","max-image-preview":"max-image-preview:large","max-video-preview":"max-video-preview:-1"},"canonical":"https:\/\/calgrauet.com\/es\/en-venta\/","og_locale":"es_ES","og_type":"article","og_title":"Animales en venta - Cal Grauet","og_description":"\u00bfNecesitas alg\u00fan animal para tu explotaci\u00f3n ganadera o agr\u00edcola? En Cal Grauet tenemos animales en venta. Descubre cu\u00e1les y, si te interesa, ponte en contacto con nosotros.","og_url":"https:\/\/calgrauet.com\/es\/en-venta\/","og_site_name":"Cal Grauet","article_modified_time":"2025-06-19T10:26:43+00:00","og_image":[{"width":224,"height":157,"url":"https:\/\/calgrauet.com\/wp-content\/uploads\/2024\/05\/logo-cal-grauet.png","type":"image\/png"}],"twitter_card":"summary_large_image","twitter_misc":{"Tiempo de lectura":"1 minuto"},"schema":{"@context":"https:\/\/schema.org","@graph":[{"@type":"WebPage","@id":"https:\/\/calgrauet.com\/es\/en-venta\/","url":"https:\/\/calgrauet.com\/es\/en-venta\/","name":"Animales en venta - Cal Grauet","isPartOf":{"@id":"https:\/\/calgrauet.com\/es\/#website"},"primaryImageOfPage":{"@id":"https:\/\/calgrauet.com\/es\/en-venta\/#primaryimage"},"image":{"@id":"https:\/\/calgrauet.com\/es\/en-venta\/#primaryimage"},"thumbnailUrl":"https:\/\/calgrauet.com\/wp-content\/uploads\/2024\/09\/pt-shape-after.svg","datePublished":"2025-04-30T16:21:51+00:00","dateModified":"2025-06-19T10:26:43+00:00","description":"\u00bfNecesitas alg\u00fan animal para tu explotaci\u00f3n ganadera o agr\u00edcola? En Cal Grauet tenemos animales en venta. Descubre cu\u00e1les y, si te interesa, ponte en contacto con nosotros.","breadcrumb":{"@id":"https:\/\/calgrauet.com\/es\/en-venta\/#breadcrumb"},"inLanguage":"es","potentialAction":[{"@type":"ReadAction","target":["https:\/\/calgrauet.com\/es\/en-venta\/"]}]},{"@type":"ImageObject","inLanguage":"es","@id":"https:\/\/calgrauet.com\/es\/en-venta\/#primaryimage","url":"https:\/\/calgrauet.com\/wp-content\/uploads\/2024\/09\/pt-shape-after.svg","contentUrl":"https:\/\/calgrauet.com\/wp-content\/uploads\/2024\/09\/pt-shape-after.svg"},{"@type":"BreadcrumbList","@id":"https:\/\/calgrauet.com\/es\/en-venta\/#breadcrumb","itemListElement":[{"@type":"ListItem","position":1,"name":"Inici","item":"https:\/\/calgrauet.com\/es\/"},{"@type":"ListItem","position":2,"name":"En venta"}]},{"@type":"WebSite","@id":"https:\/\/calgrauet.com\/es\/#website","url":"https:\/\/calgrauet.com\/es\/","name":"Cal Grauet","description":"TRADICI\u00d3, ADAPTACI\u00d3 I SOSTENIBILITAT RAMADERA","publisher":{"@id":"https:\/\/calgrauet.com\/es\/#organization"},"potentialAction":[{"@type":"SearchAction","target":{"@type":"EntryPoint","urlTemplate":"https:\/\/calgrauet.com\/es\/?s={search_term_string}"},"query-input":{"@type":"PropertyValueSpecification","valueRequired":true,"valueName":"search_term_string"}}],"inLanguage":"es"},{"@type":"Organization","@id":"https:\/\/calgrauet.com\/es\/#organization","name":"Cal Grauet","url":"https:\/\/calgrauet.com\/es\/","logo":{"@type":"ImageObject","inLanguage":"es","@id":"https:\/\/calgrauet.com\/es\/#\/schema\/logo\/image\/","url":"https:\/\/calgrauet.com\/wp-content\/uploads\/2024\/05\/logo-cal-grauet.png","contentUrl":"https:\/\/calgrauet.com\/wp-content\/uploads\/2024\/05\/logo-cal-grauet.png","width":224,"height":157,"caption":"Cal Grauet"},"image":{"@id":"https:\/\/calgrauet.com\/es\/#\/schema\/logo\/image\/"}}]}},"_links":{"self":[{"href":"https:\/\/calgrauet.com\/es\/wp-json\/wp\/v2\/pages\/14680","targetHints":{"allow":["GET"]}}],"collection":[{"href":"https:\/\/calgrauet.com\/es\/wp-json\/wp\/v2\/pages"}],"about":[{"href":"https:\/\/calgrauet.com\/es\/wp-json\/wp\/v2\/types\/page"}],"author":[{"embeddable":true,"href":"https:\/\/calgrauet.com\/es\/wp-json\/wp\/v2\/users\/1"}],"replies":[{"embeddable":true,"href":"https:\/\/calgrauet.com\/es\/wp-json\/wp\/v2\/comments?post=14680"}],"version-history":[{"count":7,"href":"https:\/\/calgrauet.com\/es\/wp-json\/wp\/v2\/pages\/14680\/revisions"}],"predecessor-version":[{"id":14837,"href":"https:\/\/calgrauet.com\/es\/wp-json\/wp\/v2\/pages\/14680\/revisions\/14837"}],"wp:attachment":[{"href":"https:\/\/calgrauet.com\/es\/wp-json\/wp\/v2\/media?parent=14680"}],"curies":[{"name":"wp","href":"https:\/\/api.w.org\/{rel}","templated":true}]}}