{"id":14657,"date":"2025-05-09T16:08:11","date_gmt":"2025-05-09T14:08:11","guid":{"rendered":"https:\/\/calgrauet.com\/avis-legal\/"},"modified":"2025-06-19T09:34:07","modified_gmt":"2025-06-19T07:34:07","slug":"aviso-legal","status":"publish","type":"page","link":"https:\/\/calgrauet.com\/es\/aviso-legal\/","title":{"rendered":"Aviso legal"},"content":{"rendered":"\t\t<div data-elementor-type=\"wp-page\" data-elementor-id=\"14657\" class=\"elementor elementor-14657 elementor-13595\" data-elementor-post-type=\"page\">\n\t\t\t\t        <section class=\"elementor-section elementor-top-section elementor-element elementor-element-17f4d17 elementor-section-boxed elementor-section-height-default elementor-section-height-default pxl-section-static-pos-no pxl-section-overflow-hidden-no pxl-container-margin-auto-no\" data-id=\"17f4d17\" data-element_type=\"section\" data-e-type=\"section\">\n\n                \n                <div class=\"elementor-container elementor-column-gap-default \">\n                <div class=\"elementor-column elementor-col-100 elementor-top-column elementor-element elementor-element-f23a68c pxl-column-element-default pxl-column-overflow-hidden-no\" data-id=\"f23a68c\" data-element_type=\"column\" data-e-type=\"column\">\r\n        <div class=\"elementor-widget-wrap elementor-element-populated\">\r\n                    \t\t<div class=\"elementor-element elementor-element-c2b81d2 elementor-widget elementor-widget-heading\" data-id=\"c2b81d2\" data-element_type=\"widget\" data-e-type=\"widget\" data-widget_type=\"heading.default\">\n\t\t\t\t\t<h1 class=\"elementor-heading-title elementor-size-default\">Aviso legal<\/h1>\t\t\t\t<\/div>\n\t\t\t\t<div class=\"elementor-element elementor-element-c54454e elementor-widget elementor-widget-text-editor\" data-id=\"c54454e\" data-element_type=\"widget\" data-e-type=\"widget\" data-widget_type=\"text-editor.default\">\n\t\t\t\t\t\t\t\t\t<p>En cumplimiento de la Ley 34\/2002, de 11 de julio, de Servicios de la Sociedad de la Informaci\u00f3n y de Comercio Electr\u00f3nico (LSSI-CE), CAL GRAUET informa que es titular del sitio web https:\/\/calgrauet.com. De acuerdo con la exigencia del art\u00edculo 10 de la citada Ley, CAL GRAUET informa de los siguientes datos:<\/p><p>El titular de este sitio web es CAL GRAUET, con CIF 40562268C y domicilio social en Carrer Major, 1 17539 Saga, Girona.<\/p><p>La direcci\u00f3n de correo electr\u00f3nico de contacto con la empresa es: <a href=\"mailto:info@calgrauet.com\"><span class=\"elementor-icon-list-text\">info@calgrauet.com<\/span><\/a><\/p>\t\t\t\t\t\t\t\t<\/div>\n\t\t\t\t<div class=\"elementor-element elementor-element-ef27bd0 elementor-widget elementor-widget-heading\" data-id=\"ef27bd0\" data-element_type=\"widget\" data-e-type=\"widget\" data-widget_type=\"heading.default\">\n\t\t\t\t\t<h2 class=\"elementor-heading-title elementor-size-default\">Usuario y r\u00e9gimen de responsabilidades<\/h2>\t\t\t\t<\/div>\n\t\t\t\t<div class=\"elementor-element elementor-element-a2b2994 elementor-widget elementor-widget-text-editor\" data-id=\"a2b2994\" data-element_type=\"widget\" data-e-type=\"widget\" data-widget_type=\"text-editor.default\">\n\t\t\t\t\t\t\t\t\t<p>La navegaci\u00f3n, acceso y uso del sitio web de CAL GRAUET confiere la condici\u00f3n de usuario, por la que se aceptan, desde la navegaci\u00f3n por el sitio web de CAL GRAUET, todas las condiciones de uso aqu\u00ed establecidas sin perjuicio de la aplicaci\u00f3n de la correspondiente normativa de obligado cumplimiento legal seg\u00fan el caso.<\/p><p>El sitio web de CAL GRAUET proporciona gran diversidad de informaci\u00f3n, servicios y datos. El usuario asume su responsabilidad en el uso correcto del sitio web. Esta responsabilidad se extender\u00e1 a:<\/p><ul><li>La veracidad y licitud de las informaciones aportadas por el usuario en los formularios extendidos por CAL GRAUET para el acceso a ciertos contenidos o servicios ofrecidos por la web.<\/li><li>El uso de la informaci\u00f3n, servicios y datos ofrecidos por CAL GRAUET contrariamente a lo dispuesto en estas condiciones, la Ley, la moral, las buenas costumbres o el orden p\u00fablico, o que de cualquier otra forma puedan suponer lesi\u00f3n de los derechos de terceros o del mismo funcionamiento del sitio web.<\/li><\/ul>\t\t\t\t\t\t\t\t<\/div>\n\t\t\t\t<div class=\"elementor-element elementor-element-10bf2bd elementor-widget elementor-widget-heading\" data-id=\"10bf2bd\" data-element_type=\"widget\" data-e-type=\"widget\" data-widget_type=\"heading.default\">\n\t\t\t\t\t<h2 class=\"elementor-heading-title elementor-size-default\">Pol\u00edtica de enlaces y exenciones de responsabilidad<\/h2>\t\t\t\t<\/div>\n\t\t\t\t<div class=\"elementor-element elementor-element-013c612 elementor-widget elementor-widget-text-editor\" data-id=\"013c612\" data-element_type=\"widget\" data-e-type=\"widget\" data-widget_type=\"text-editor.default\">\n\t\t\t\t\t\t\t\t\t<p>CAL GRAUET no se hace responsable del contenido de los sitios web a los que el usuario pueda acceder a trav\u00e9s de los enlaces establecidos en su sitio web y declara que en ning\u00fan caso proceder\u00e1 a examinar o ejercer ning\u00fan tipo de control sobre el contenido de otros sitios de la red. Asimismo, tampoco garantizar\u00e1 la disponibilidad t\u00e9cnica, exactitud, veracidad, validez o legalidad de sitios ajenos a su propiedad a los que se pueda acceder mediante los enlaces.<\/p><p>CAL GRAUET declara haber adoptado todas las medidas necesarias para evitar cualquier da\u00f1o a los usuarios de su sitio web, que pudieran derivarse de la navegaci\u00f3n por su sitio web. En consecuencia, CAL GRAUET no se hace responsable, en ning\u00fan caso, de los eventuales da\u00f1os que por la navegaci\u00f3n por Internet pudiera sufrir el usuario.<\/p>\t\t\t\t\t\t\t\t<\/div>\n\t\t\t\t<div class=\"elementor-element elementor-element-17b090e elementor-widget elementor-widget-heading\" data-id=\"17b090e\" data-element_type=\"widget\" data-e-type=\"widget\" data-widget_type=\"heading.default\">\n\t\t\t\t\t<h2 class=\"elementor-heading-title elementor-size-default\">Modificaciones<\/h2>\t\t\t\t<\/div>\n\t\t\t\t<div class=\"elementor-element elementor-element-7d7677d elementor-widget elementor-widget-text-editor\" data-id=\"7d7677d\" data-element_type=\"widget\" data-e-type=\"widget\" data-widget_type=\"text-editor.default\">\n\t\t\t\t\t\t\t\t\t<p>CAL GRAUET se reserva el derecho a realizar las modificaciones que considere oportunas, sin aviso previo, en el contenido de su sitio web. Tanto en lo referente a los contenidos del sitio web, como en las condiciones de uso del mismo.<\/p><p>Estas modificaciones podr\u00e1n realizarse a trav\u00e9s de su sitio web por cualquier forma admisible en derecho y ser\u00e1n de obligado cumplimiento durante el tiempo en que se encuentren publicadas en la web y hasta que no sean modificadas v\u00e1lidamente por otras posteriores.<\/p>\t\t\t\t\t\t\t\t<\/div>\n\t\t\t\t<div class=\"elementor-element elementor-element-d621740 elementor-widget elementor-widget-heading\" data-id=\"d621740\" data-element_type=\"widget\" data-e-type=\"widget\" data-widget_type=\"heading.default\">\n\t\t\t\t\t<h2 class=\"elementor-heading-title elementor-size-default\">Protecci\u00f3n de datos<\/h2>\t\t\t\t<\/div>\n\t\t\t\t<div class=\"elementor-element elementor-element-621fb53 elementor-widget elementor-widget-text-editor\" data-id=\"621fb53\" data-element_type=\"widget\" data-e-type=\"widget\" data-widget_type=\"text-editor.default\">\n\t\t\t\t\t\t\t\t\t<p>De conformidad con lo establecido en la normativa vigente en Protecci\u00f3n de Datos de Car\u00e1cter Personal, le informamos que sus datos ser\u00e1n incorporados al sistema de tratamiento titularidad de CAL GRAUET, con CIF 40562268C y domicilio social en Carrer Major, 1 17539 Saga, Girona, con la finalidad de poder facilitar, agilizar y cumplir los compromisos establecidos entre ambas partes. En cumplimiento con la normativa vigente, CAL GRAUET informa que los datos ser\u00e1n conservados durante el plazo estrictamente necesario para cumplir con los preceptos anteriormente mencionados.<\/p><p>Le informamos que el tratamiento de sus datos est\u00e1 legitimado por su consentimiento.<\/p><p>CAL GRAUET informa que proceder\u00e1 a tratar los datos de manera l\u00edcita, leal, transparente, adecuada, pertinente, limitada, exacta y actualizada. Es por ello que CAL GRAUET se compromete a adoptar todas las medidas razonables para que estos se supriman o rectifiquen sin dilaci\u00f3n cuando sean inexactos.<\/p><p>De acuerdo con los derechos que le confiere la normativa vigente en protecci\u00f3n de datos, podr\u00e1 ejercer los derechos de acceso, rectificaci\u00f3n, limitaci\u00f3n de tratamiento, supresi\u00f3n, portabilidad y oposici\u00f3n al tratamiento de sus datos de car\u00e1cter personal as\u00ed como del consentimiento prestado para el tratamiento de los mismos, dirigiendo su petici\u00f3n a la direcci\u00f3n postal indicada m\u00e1s arriba o al correo electr\u00f3nico <a href=\"mailto:info@calgrauet.com\">info@calgrauet.com<\/a><\/p><p>Podr\u00e1 dirigirse a la Autoridad de Control competente para presentar la reclamaci\u00f3n que considere oportuna.<\/p>\t\t\t\t\t\t\t\t<\/div>\n\t\t\t\t<div class=\"elementor-element elementor-element-3e5907f elementor-widget elementor-widget-heading\" data-id=\"3e5907f\" data-element_type=\"widget\" data-e-type=\"widget\" data-widget_type=\"heading.default\">\n\t\t\t\t\t<h2 class=\"elementor-heading-title elementor-size-default\">Propiedad intelectual e industrial<\/h2>\t\t\t\t<\/div>\n\t\t\t\t<div class=\"elementor-element elementor-element-de50f4d elementor-widget elementor-widget-text-editor\" data-id=\"de50f4d\" data-element_type=\"widget\" data-e-type=\"widget\" data-widget_type=\"text-editor.default\">\n\t\t\t\t\t\t\t\t\t<p>CAL GRAUET por s\u00ed misma o como cesionaria, es titular de todos los derechos de propiedad intelectual e industrial de su p\u00e1gina web, as\u00ed como de los elementos contenidos en la misma (a t\u00edtulo enunciativo, im\u00e1genes, sonido, audio, v\u00eddeo, software o textos; marcas o logotipos, combinaciones de colores, estructura y dise\u00f1o, selecci\u00f3n de materiales usados, programas de ordenador necesarios para su funcionamiento, acceso y uso, etc.), titularidad de CAL GRAUET. Ser\u00e1n, por consiguiente, obras protegidas como propiedad intelectual por el ordenamiento jur\u00eddico espa\u00f1ol, si\u00e9ndoles aplicables tanto la normativa espa\u00f1ola y comunitaria en este campo, como los tratados internacionales relativos a la materia y suscritos por Espa\u00f1a.<\/p><p>Todos los derechos reservados. En virtud de lo dispuesto en la Ley de Propiedad Intelectual, queda expresamente prohibida la reproducci\u00f3n, distribuci\u00f3n y comunicaci\u00f3n p\u00fablica, incluida su modalidad de puesta a disposici\u00f3n, de la totalidad o parte de los contenidos de esta p\u00e1gina web, con fines comerciales, en cualquier soporte y por cualquier medio t\u00e9cnico, sin la autorizaci\u00f3n de CAL GRAUET.<\/p><p>El usuario se compromete a respetar los derechos de Propiedad Intelectual e Industrial titularidad de CAL GRAUET. Podr\u00e1 visualizar los elementos del portal e incluso imprimirlos, copiarlos y almacenarlos en el disco duro de su ordenador o en cualquier otro soporte f\u00edsico siempre que sea, \u00fanica y exclusivamente, para su uso personal y privado. El usuario deber\u00e1 abstenerse de suprimir, alterar, eludir o manipular cualquier dispositivo de protecci\u00f3n o sistema de seguridad que estuviera instalado en las p\u00e1ginas de CAL GRAUET.<\/p>\t\t\t\t\t\t\t\t<\/div>\n\t\t\t\t<div class=\"elementor-element elementor-element-9c2a309 elementor-widget elementor-widget-heading\" data-id=\"9c2a309\" data-element_type=\"widget\" data-e-type=\"widget\" data-widget_type=\"heading.default\">\n\t\t\t\t\t<h2 class=\"elementor-heading-title elementor-size-default\">Acciones legales, legislaci\u00f3n aplicable y jurisdicci\u00f3n<\/h2>\t\t\t\t<\/div>\n\t\t\t\t<div class=\"elementor-element elementor-element-9437e4a elementor-widget elementor-widget-text-editor\" data-id=\"9437e4a\" data-element_type=\"widget\" data-e-type=\"widget\" data-widget_type=\"text-editor.default\">\n\t\t\t\t\t\t\t\t\t<p>CAL GRAUET se reserva, asimismo, la facultad de presentar las acciones civiles o penales que considere oportunas por la utilizaci\u00f3n indebida de su sitio web y contenidos, o por el incumplimiento de las presentes condiciones.<\/p><p>La relaci\u00f3n entre el usuario y el prestador se regir\u00e1 por la normativa vigente y de aplicaci\u00f3n en el territorio espa\u00f1ol. De surgir cualquier controversia, las partes podr\u00e1n someter sus conflictos a arbitraje o acudir a la jurisdicci\u00f3n ordinaria cumpliendo con las normas sobre jurisdicci\u00f3n y competencia al respecto.<\/p>\t\t\t\t\t\t\t\t<\/div>\n\t\t                    <\/div>\r\n        <\/div>\r\n        \t\t\t<\/div>\n\t\t<\/section>\n\t\t        <section class=\"elementor-section elementor-top-section elementor-element elementor-element-7e01817 elementor-section-boxed elementor-section-height-default elementor-section-height-default pxl-section-static-pos-no pxl-section-overflow-hidden-no pxl-container-margin-auto-no\" data-id=\"7e01817\" data-element_type=\"section\" data-e-type=\"section\">\n\n                \n                <div class=\"elementor-container elementor-column-gap-default \">\n                <div class=\"elementor-column elementor-col-100 elementor-top-column elementor-element elementor-element-5cfdca6 pxl-column-element-default pxl-column-overflow-hidden-no\" data-id=\"5cfdca6\" data-element_type=\"column\" data-e-type=\"column\">\r\n        <div class=\"elementor-widget-wrap elementor-element-populated\">\r\n                    \t\t<div class=\"elementor-element elementor-element-32ade85 elementor-widget elementor-widget-spacer\" data-id=\"32ade85\" data-element_type=\"widget\" data-e-type=\"widget\" data-widget_type=\"spacer.default\">\n\t\t\t\t\t\t\t<div class=\"elementor-spacer\">\n\t\t\t<div class=\"elementor-spacer-inner\"><\/div>\n\t\t<\/div>\n\t\t\t\t\t\t<\/div>\n\t\t                    <\/div>\r\n        <\/div>\r\n        \t\t\t<\/div>\n\t\t<\/section>\n\t\t\t\t<\/div>\n\t\t","protected":false},"excerpt":{"rendered":"<p>Aviso legal En cumplimiento de la Ley 34\/2002, de 11 de julio, de Servicios de la Sociedad de la Informaci\u00f3n y de Comercio Electr\u00f3nico (LSSI-CE), CAL GRAUET informa que es titular del sitio web https:\/\/calgrauet.com. De acuerdo con la exigencia del art\u00edculo 10 de la citada Ley, CAL GRAUET informa de los siguientes datos: El [&hellip;]<\/p>\n","protected":false},"author":1,"featured_media":0,"parent":0,"menu_order":0,"comment_status":"closed","ping_status":"closed","template":"","meta":{"footnotes":""},"class_list":["post-14657","page","type-page","status-publish","hentry"],"yoast_head":"<!-- This site is optimized with the Yoast SEO plugin v27.4 - https:\/\/yoast.com\/product\/yoast-seo-wordpress\/ -->\n<title>Aviso legal - Cal Grauet<\/title>\n<meta name=\"description\" content=\"P\u00e1gina del aviso legal del sitio web de Cal Grauet.\" \/>\n<meta name=\"robots\" content=\"index, follow, max-snippet:-1, max-image-preview:large, max-video-preview:-1\" \/>\n<link rel=\"canonical\" href=\"https:\/\/calgrauet.com\/es\/aviso-legal\/\" \/>\n<meta property=\"og:locale\" content=\"es_ES\" \/>\n<meta property=\"og:type\" content=\"article\" \/>\n<meta property=\"og:title\" content=\"Aviso legal - Cal Grauet\" \/>\n<meta property=\"og:description\" content=\"P\u00e1gina del aviso legal del sitio web de Cal Grauet.\" \/>\n<meta property=\"og:url\" content=\"https:\/\/calgrauet.com\/es\/aviso-legal\/\" \/>\n<meta property=\"og:site_name\" content=\"Cal Grauet\" \/>\n<meta property=\"article:modified_time\" content=\"2025-06-19T07:34:07+00:00\" \/>\n<meta property=\"og:image\" content=\"https:\/\/calgrauet.com\/wp-content\/uploads\/2024\/05\/logo-cal-grauet.png\" \/>\n\t<meta property=\"og:image:width\" content=\"224\" \/>\n\t<meta property=\"og:image:height\" content=\"157\" \/>\n\t<meta property=\"og:image:type\" content=\"image\/png\" \/>\n<meta name=\"twitter:card\" content=\"summary_large_image\" \/>\n<meta name=\"twitter:label1\" content=\"Tiempo de lectura\" \/>\n\t<meta name=\"twitter:data1\" content=\"5 minutos\" \/>\n<script type=\"application\/ld+json\" class=\"yoast-schema-graph\">{\"@context\":\"https:\\\/\\\/schema.org\",\"@graph\":[{\"@type\":\"WebPage\",\"@id\":\"https:\\\/\\\/calgrauet.com\\\/es\\\/aviso-legal\\\/\",\"url\":\"https:\\\/\\\/calgrauet.com\\\/es\\\/aviso-legal\\\/\",\"name\":\"Aviso legal - Cal Grauet\",\"isPartOf\":{\"@id\":\"https:\\\/\\\/calgrauet.com\\\/es\\\/#website\"},\"datePublished\":\"2025-05-09T14:08:11+00:00\",\"dateModified\":\"2025-06-19T07:34:07+00:00\",\"description\":\"P\u00e1gina del aviso legal del sitio web de Cal Grauet.\",\"breadcrumb\":{\"@id\":\"https:\\\/\\\/calgrauet.com\\\/es\\\/aviso-legal\\\/#breadcrumb\"},\"inLanguage\":\"es\",\"potentialAction\":[{\"@type\":\"ReadAction\",\"target\":[\"https:\\\/\\\/calgrauet.com\\\/es\\\/aviso-legal\\\/\"]}]},{\"@type\":\"BreadcrumbList\",\"@id\":\"https:\\\/\\\/calgrauet.com\\\/es\\\/aviso-legal\\\/#breadcrumb\",\"itemListElement\":[{\"@type\":\"ListItem\",\"position\":1,\"name\":\"Inici\",\"item\":\"https:\\\/\\\/calgrauet.com\\\/es\\\/\"},{\"@type\":\"ListItem\",\"position\":2,\"name\":\"Aviso legal\"}]},{\"@type\":\"WebSite\",\"@id\":\"https:\\\/\\\/calgrauet.com\\\/es\\\/#website\",\"url\":\"https:\\\/\\\/calgrauet.com\\\/es\\\/\",\"name\":\"Cal Grauet\",\"description\":\"TRADICI\u00d3, ADAPTACI\u00d3 I SOSTENIBILITAT RAMADERA\",\"publisher\":{\"@id\":\"https:\\\/\\\/calgrauet.com\\\/es\\\/#organization\"},\"potentialAction\":[{\"@type\":\"SearchAction\",\"target\":{\"@type\":\"EntryPoint\",\"urlTemplate\":\"https:\\\/\\\/calgrauet.com\\\/es\\\/?s={search_term_string}\"},\"query-input\":{\"@type\":\"PropertyValueSpecification\",\"valueRequired\":true,\"valueName\":\"search_term_string\"}}],\"inLanguage\":\"es\"},{\"@type\":\"Organization\",\"@id\":\"https:\\\/\\\/calgrauet.com\\\/es\\\/#organization\",\"name\":\"Cal Grauet\",\"url\":\"https:\\\/\\\/calgrauet.com\\\/es\\\/\",\"logo\":{\"@type\":\"ImageObject\",\"inLanguage\":\"es\",\"@id\":\"https:\\\/\\\/calgrauet.com\\\/es\\\/#\\\/schema\\\/logo\\\/image\\\/\",\"url\":\"https:\\\/\\\/calgrauet.com\\\/wp-content\\\/uploads\\\/2024\\\/05\\\/logo-cal-grauet.png\",\"contentUrl\":\"https:\\\/\\\/calgrauet.com\\\/wp-content\\\/uploads\\\/2024\\\/05\\\/logo-cal-grauet.png\",\"width\":224,\"height\":157,\"caption\":\"Cal Grauet\"},\"image\":{\"@id\":\"https:\\\/\\\/calgrauet.com\\\/es\\\/#\\\/schema\\\/logo\\\/image\\\/\"}}]}<\/script>\n<!-- \/ Yoast SEO plugin. -->","yoast_head_json":{"title":"Aviso legal - Cal Grauet","description":"P\u00e1gina del aviso legal del sitio web de Cal Grauet.","robots":{"index":"index","follow":"follow","max-snippet":"max-snippet:-1","max-image-preview":"max-image-preview:large","max-video-preview":"max-video-preview:-1"},"canonical":"https:\/\/calgrauet.com\/es\/aviso-legal\/","og_locale":"es_ES","og_type":"article","og_title":"Aviso legal - Cal Grauet","og_description":"P\u00e1gina del aviso legal del sitio web de Cal Grauet.","og_url":"https:\/\/calgrauet.com\/es\/aviso-legal\/","og_site_name":"Cal Grauet","article_modified_time":"2025-06-19T07:34:07+00:00","og_image":[{"width":224,"height":157,"url":"https:\/\/calgrauet.com\/wp-content\/uploads\/2024\/05\/logo-cal-grauet.png","type":"image\/png"}],"twitter_card":"summary_large_image","twitter_misc":{"Tiempo de lectura":"5 minutos"},"schema":{"@context":"https:\/\/schema.org","@graph":[{"@type":"WebPage","@id":"https:\/\/calgrauet.com\/es\/aviso-legal\/","url":"https:\/\/calgrauet.com\/es\/aviso-legal\/","name":"Aviso legal - Cal Grauet","isPartOf":{"@id":"https:\/\/calgrauet.com\/es\/#website"},"datePublished":"2025-05-09T14:08:11+00:00","dateModified":"2025-06-19T07:34:07+00:00","description":"P\u00e1gina del aviso legal del sitio web de Cal Grauet.","breadcrumb":{"@id":"https:\/\/calgrauet.com\/es\/aviso-legal\/#breadcrumb"},"inLanguage":"es","potentialAction":[{"@type":"ReadAction","target":["https:\/\/calgrauet.com\/es\/aviso-legal\/"]}]},{"@type":"BreadcrumbList","@id":"https:\/\/calgrauet.com\/es\/aviso-legal\/#breadcrumb","itemListElement":[{"@type":"ListItem","position":1,"name":"Inici","item":"https:\/\/calgrauet.com\/es\/"},{"@type":"ListItem","position":2,"name":"Aviso legal"}]},{"@type":"WebSite","@id":"https:\/\/calgrauet.com\/es\/#website","url":"https:\/\/calgrauet.com\/es\/","name":"Cal Grauet","description":"TRADICI\u00d3, ADAPTACI\u00d3 I SOSTENIBILITAT RAMADERA","publisher":{"@id":"https:\/\/calgrauet.com\/es\/#organization"},"potentialAction":[{"@type":"SearchAction","target":{"@type":"EntryPoint","urlTemplate":"https:\/\/calgrauet.com\/es\/?s={search_term_string}"},"query-input":{"@type":"PropertyValueSpecification","valueRequired":true,"valueName":"search_term_string"}}],"inLanguage":"es"},{"@type":"Organization","@id":"https:\/\/calgrauet.com\/es\/#organization","name":"Cal Grauet","url":"https:\/\/calgrauet.com\/es\/","logo":{"@type":"ImageObject","inLanguage":"es","@id":"https:\/\/calgrauet.com\/es\/#\/schema\/logo\/image\/","url":"https:\/\/calgrauet.com\/wp-content\/uploads\/2024\/05\/logo-cal-grauet.png","contentUrl":"https:\/\/calgrauet.com\/wp-content\/uploads\/2024\/05\/logo-cal-grauet.png","width":224,"height":157,"caption":"Cal Grauet"},"image":{"@id":"https:\/\/calgrauet.com\/es\/#\/schema\/logo\/image\/"}}]}},"_links":{"self":[{"href":"https:\/\/calgrauet.com\/es\/wp-json\/wp\/v2\/pages\/14657","targetHints":{"allow":["GET"]}}],"collection":[{"href":"https:\/\/calgrauet.com\/es\/wp-json\/wp\/v2\/pages"}],"about":[{"href":"https:\/\/calgrauet.com\/es\/wp-json\/wp\/v2\/types\/page"}],"author":[{"embeddable":true,"href":"https:\/\/calgrauet.com\/es\/wp-json\/wp\/v2\/users\/1"}],"replies":[{"embeddable":true,"href":"https:\/\/calgrauet.com\/es\/wp-json\/wp\/v2\/comments?post=14657"}],"version-history":[{"count":4,"href":"https:\/\/calgrauet.com\/es\/wp-json\/wp\/v2\/pages\/14657\/revisions"}],"predecessor-version":[{"id":14664,"href":"https:\/\/calgrauet.com\/es\/wp-json\/wp\/v2\/pages\/14657\/revisions\/14664"}],"wp:attachment":[{"href":"https:\/\/calgrauet.com\/es\/wp-json\/wp\/v2\/media?parent=14657"}],"curies":[{"name":"wp","href":"https:\/\/api.w.org\/{rel}","templated":true}]}}